{"id":1525,"date":"2025-09-24T15:08:53","date_gmt":"2025-09-24T08:08:53","guid":{"rendered":"https:\/\/hasabiofoods.com.vn\/?post_type=product&#038;p=1525"},"modified":"2025-11-27T08:28:40","modified_gmt":"2025-11-27T01:28:40","slug":"banh-trang-gao-trang-huu-co","status":"publish","type":"product","link":"https:\/\/hasabiofoods.com.vn\/en\/san-pham\/banh-trang-gao-trang-huu-co\/","title":{"rendered":"B\u00e1nh Tr\u00e1ng G\u1ea1o Tr\u1eafng H\u1eefu C\u01a1 T\u00fai 200 g"},"content":{"rendered":"<p><strong>\u0110\u1eb6C T\u00cdNH S\u1ea2N PH\u1ea8M:<\/strong><\/p>\n<p>Pha tr\u1ed9n gi\u1eefa b\u00e1nh tr\u00e1ng truy\u1ec1n th\u1ed1ng v\u00e0 c\u00f4ng ngh\u1ec7 hi\u1ec7n \u0111\u1ea1i, B\u00e1nh tr\u00e1ng g\u1ea1o c\u00f3 m\u00f9i v\u1ecb g\u1ea1o r\u1ea5t r\u00f5, \u0111\u1ed9 dai, m\u1ec1m v\u1eeba ph\u1ea3i.<\/p>\n<p><strong>S\u1eec D\u1ee4NG:<\/strong><\/p>\n<p>Nh\u00fang n\u01b0\u1edbc, ho\u1eb7c thoa nh\u1eb9 1 l\u1edbp n\u01b0\u1edbc cho b\u00e1nh tr\u00e1ng \u01b0\u1edbt \u0111\u1ec1u, sau \u0111\u00f3 cu\u1ed1n v\u1edbi rau, th\u1ecbt, t\u00f4m &#8230; \u0103n c\u00e1c m\u00f3n g\u1ecfi cu\u1ed1n r\u1ea5t ngon.<\/p>\n<p>C\u00f3 th\u1ec3 cu\u1ed9n v\u1edbi nh\u00e2n \u0111\u1ec3 cu\u1ed1n, chi\u00ean nem, ch\u1ea3 ram.<\/p>\n<p>&nbsp;<\/p>\n","protected":false},"excerpt":{"rendered":"<p><strong>CH\u1ea4T L\u01af\u1ee2NG:<\/strong><\/p>\n<ul>\n<li>100% Organic theo ti\u00eau chu\u1ea9n EU &amp; USDA<\/li>\n<li>Kh\u00f4ng ch\u1ea5t ph\u1ee5 gia<\/li>\n<li>Gluten free<\/li>\n<li>Vegan<\/li>\n<li>Non-GMO<\/li>\n<\/ul>\n","protected":false},"featured_media":1859,"comment_status":"open","ping_status":"closed","template":"","meta":[],"product_brand":[],"product_cat":[16],"product_tag":[],"class_list":{"0":"post-1525","1":"product","2":"type-product","3":"status-publish","4":"has-post-thumbnail","6":"product_cat-chua-phan-loai","8":"first","9":"instock","10":"shipping-taxable","11":"purchasable","12":"product-type-simple"},"_links":{"self":[{"href":"https:\/\/hasabiofoods.com.vn\/en\/wp-json\/wp\/v2\/product\/1525","targetHints":{"allow":["GET"]}}],"collection":[{"href":"https:\/\/hasabiofoods.com.vn\/en\/wp-json\/wp\/v2\/product"}],"about":[{"href":"https:\/\/hasabiofoods.com.vn\/en\/wp-json\/wp\/v2\/types\/product"}],"replies":[{"embeddable":true,"href":"https:\/\/hasabiofoods.com.vn\/en\/wp-json\/wp\/v2\/comments?post=1525"}],"wp:featuredmedia":[{"embeddable":true,"href":"https:\/\/hasabiofoods.com.vn\/en\/wp-json\/wp\/v2\/media\/1859"}],"wp:attachment":[{"href":"https:\/\/hasabiofoods.com.vn\/en\/wp-json\/wp\/v2\/media?parent=1525"}],"wp:term":[{"taxonomy":"product_brand","embeddable":true,"href":"https:\/\/hasabiofoods.com.vn\/en\/wp-json\/wp\/v2\/product_brand?post=1525"},{"taxonomy":"product_cat","embeddable":true,"href":"https:\/\/hasabiofoods.com.vn\/en\/wp-json\/wp\/v2\/product_cat?post=1525"},{"taxonomy":"product_tag","embeddable":true,"href":"https:\/\/hasabiofoods.com.vn\/en\/wp-json\/wp\/v2\/product_tag?post=1525"}],"curies":[{"name":"wp","href":"https:\/\/api.w.org\/{rel}","templated":true}]}}